{"id":10,"date":"2021-05-22T22:20:58","date_gmt":"2021-05-22T20:20:58","guid":{"rendered":"http:\/\/yvesoesch.ch\/wordpress\/?page_id=10"},"modified":"2026-04-25T22:48:46","modified_gmt":"2026-04-25T20:48:46","slug":"divers","status":"publish","type":"page","link":"https:\/\/yvesoesch.ch\/wordpress\/technique\/divers\/","title":{"rendered":"Divers"},"content":{"rendered":"\n<div class=\"wp-block-file\"><a id=\"wp-block-file--media-458cf437-1f1f-4b8c-bcd8-ed98ab6a5f4d\" href=\"https:\/\/yvesoesch.ch\/wordpress\/wp-content\/uploads\/2021\/09\/IEEE_Switzerland_2021_04_HB9DTX_v4.pdf\">Amateur radio presentation (IEEE Stammtisch april 2021)<\/a><a href=\"https:\/\/yvesoesch.ch\/wordpress\/wp-content\/uploads\/2021\/09\/IEEE_Switzerland_2021_04_HB9DTX_v4.pdf\" class=\"wp-block-file__button wp-element-button\" download aria-describedby=\"wp-block-file--media-458cf437-1f1f-4b8c-bcd8-ed98ab6a5f4d\">T\u00e9l\u00e9charger<\/a><\/div>\n\n\n\n<div class=\"wp-block-file\"><a id=\"wp-block-file--media-5bd347a6-58a1-41ae-a001-5d1fa68be9d9\" href=\"https:\/\/yvesoesch.ch\/wordpress\/wp-content\/uploads\/2021\/05\/CartesCreditRFID.pdf\">Supprimer la fonctionnalit\u00e9 RFID sur une carte de cr\u00e9dit<\/a><a href=\"https:\/\/yvesoesch.ch\/wordpress\/wp-content\/uploads\/2021\/05\/CartesCreditRFID.pdf\" class=\"wp-block-file__button wp-element-button\" download aria-describedby=\"wp-block-file--media-5bd347a6-58a1-41ae-a001-5d1fa68be9d9\">T\u00e9l\u00e9charger<\/a><\/div>\n\n\n\n<div class=\"wp-block-file\"><a id=\"wp-block-file--media-e6298ed4-fd49-4925-b746-749a9c67e5c3\" href=\"https:\/\/yvesoesch.ch\/wordpress\/wp-content\/uploads\/2021\/05\/AIS_RX.pdf\">R\u00e9ception de signaux AIS en VHF \u00e0 l&rsquo;aide d&rsquo;un r\u00e9cepteur SDR tr\u00e8s bon march\u00e9<\/a><a href=\"https:\/\/yvesoesch.ch\/wordpress\/wp-content\/uploads\/2021\/05\/AIS_RX.pdf\" class=\"wp-block-file__button wp-element-button\" download aria-describedby=\"wp-block-file--media-e6298ed4-fd49-4925-b746-749a9c67e5c3\">T\u00e9l\u00e9charger<\/a><\/div>\n\n\n\n<div class=\"wp-block-file\"><a id=\"wp-block-file--media-e623f50f-53bc-4ed2-afcd-09d2df66a8f2\" href=\"https:\/\/yvesoesch.ch\/wordpress\/wp-content\/uploads\/2021\/05\/trafic_VUHF.pdf\">Le trafic radio en VHF\/UHF<\/a><a href=\"https:\/\/yvesoesch.ch\/wordpress\/wp-content\/uploads\/2021\/05\/trafic_VUHF.pdf\" class=\"wp-block-file__button wp-element-button\" download aria-describedby=\"wp-block-file--media-e623f50f-53bc-4ed2-afcd-09d2df66a8f2\">T\u00e9l\u00e9charger<\/a><\/div>\n\n\n\n<div class=\"wp-block-file\"><a id=\"wp-block-file--media-c143bb78-4078-474a-9d33-887171350c94\" href=\"https:\/\/yvesoesch.ch\/wordpress\/wp-content\/uploads\/2021\/05\/noise.pdf\">Le bruit thermique<\/a><a href=\"https:\/\/yvesoesch.ch\/wordpress\/wp-content\/uploads\/2021\/05\/noise.pdf\" class=\"wp-block-file__button wp-element-button\" download aria-describedby=\"wp-block-file--media-c143bb78-4078-474a-9d33-887171350c94\">T\u00e9l\u00e9charger<\/a><\/div>\n\n\n\n<div class=\"wp-block-file\"><a id=\"wp-block-file--media-9f80ef6d-6f09-4dbd-8023-2fbc41a270cf\" href=\"https:\/\/yvesoesch.ch\/wordpress\/wp-content\/uploads\/2021\/05\/gps_rav3.pdf\">Le GPS<\/a><a href=\"https:\/\/yvesoesch.ch\/wordpress\/wp-content\/uploads\/2021\/05\/gps_rav3.pdf\" class=\"wp-block-file__button wp-element-button\" download aria-describedby=\"wp-block-file--media-9f80ef6d-6f09-4dbd-8023-2fbc41a270cf\">T\u00e9l\u00e9charger<\/a><\/div>\n\n\n\n<div class=\"wp-block-file\"><a id=\"wp-block-file--media-81ec38ed-a531-46d7-a10c-09cebba60d9f\" href=\"https:\/\/yvesoesch.ch\/wordpress\/wp-content\/uploads\/2021\/05\/aprs.pdf\">L&rsquo;APRS (Automatic Position Reporting System)<\/a><a href=\"https:\/\/yvesoesch.ch\/wordpress\/wp-content\/uploads\/2021\/05\/aprs.pdf\" class=\"wp-block-file__button wp-element-button\" download aria-describedby=\"wp-block-file--media-81ec38ed-a531-46d7-a10c-09cebba60d9f\">T\u00e9l\u00e9charger<\/a><\/div>\n\n\n\n<div class=\"wp-block-file\"><a id=\"wp-block-file--media-484938aa-ba6d-4cab-8971-d8aa22aeb9ec\" href=\"https:\/\/yvesoesch.ch\/wordpress\/wp-content\/uploads\/2021\/05\/modesnum.pdf\">Les modes num\u00e9riques<\/a><a href=\"https:\/\/yvesoesch.ch\/wordpress\/wp-content\/uploads\/2021\/05\/modesnum.pdf\" class=\"wp-block-file__button wp-element-button\" download aria-describedby=\"wp-block-file--media-484938aa-ba6d-4cab-8971-d8aa22aeb9ec\">T\u00e9l\u00e9charger<\/a><\/div>\n\n\n<div class=\"wp-block-caterhamcomputing-cc-child-pages\">\n\t<div id=\"ccchildpages-1\" class=\"ccchildpages ccflex threecol simple ccclearfix\"><ul class=\"ccchildpages_list ccclearfix\"><li class=\"page_item page-item-791\"><a href=\"https:\/\/yvesoesch.ch\/wordpress\/technique\/divers\/molette-pour-connecteur-sma-en-impression-3d\/\">Molette pour connecteur SMA en impression 3D<\/a><\/li><\/ul><\/div><\/div>\n\n\n\n<p><\/p>\n","protected":false},"excerpt":{"rendered":"","protected":false},"author":3,"featured_media":0,"parent":12,"menu_order":80,"comment_status":"closed","ping_status":"closed","template":"","meta":{"footnotes":""},"class_list":["post-10","page","type-page","status-publish","hentry","entry"],"_links":{"self":[{"href":"https:\/\/yvesoesch.ch\/wordpress\/wp-json\/wp\/v2\/pages\/10","targetHints":{"allow":["GET"]}}],"collection":[{"href":"https:\/\/yvesoesch.ch\/wordpress\/wp-json\/wp\/v2\/pages"}],"about":[{"href":"https:\/\/yvesoesch.ch\/wordpress\/wp-json\/wp\/v2\/types\/page"}],"author":[{"embeddable":true,"href":"https:\/\/yvesoesch.ch\/wordpress\/wp-json\/wp\/v2\/users\/3"}],"replies":[{"embeddable":true,"href":"https:\/\/yvesoesch.ch\/wordpress\/wp-json\/wp\/v2\/comments?post=10"}],"version-history":[{"count":14,"href":"https:\/\/yvesoesch.ch\/wordpress\/wp-json\/wp\/v2\/pages\/10\/revisions"}],"predecessor-version":[{"id":796,"href":"https:\/\/yvesoesch.ch\/wordpress\/wp-json\/wp\/v2\/pages\/10\/revisions\/796"}],"up":[{"embeddable":true,"href":"https:\/\/yvesoesch.ch\/wordpress\/wp-json\/wp\/v2\/pages\/12"}],"wp:attachment":[{"href":"https:\/\/yvesoesch.ch\/wordpress\/wp-json\/wp\/v2\/media?parent=10"}],"curies":[{"name":"wp","href":"https:\/\/api.w.org\/{rel}","templated":true}]}}