{"id":12,"date":"2021-05-22T22:25:24","date_gmt":"2021-05-22T20:25:24","guid":{"rendered":"https:\/\/yvesoesch.ch\/wordpress\/?page_id=12"},"modified":"2021-05-25T22:49:52","modified_gmt":"2021-05-25T20:49:52","slug":"technique","status":"publish","type":"page","link":"https:\/\/yvesoesch.ch\/wordpress\/technique\/","title":{"rendered":"Technique"},"content":{"rendered":"\n<p>Quelques pages sur la technique, principalement radioamateur. Les articles, expos\u00e9s et r\u00e9alisation sont plus ou moins r\u00e9cent. Certains th\u00e8mes peuvent \u00eatre carr\u00e9ment obsol\u00e8tes. Le but de ces quelques pages \u00e9tant d&rsquo;archiver mon travail pass\u00e9 et de le mettre \u00e0 disposition de tous. Si \u00e7a peut servir, tant mieux. Fourni sans garanties!<\/p>\n\n\n\n<p><\/p>\n\n\n<div id=\"ccchildpages-1\" class=\"ccchildpages ccflex  simple ccclearfix\"><ul class=\"ccchildpages_list ccclearfix\"><li class=\"page_item page-item-8\"><a href=\"https:\/\/yvesoesch.ch\/wordpress\/technique\/realisations\/\">Antennes<\/a><\/li>\n<li class=\"page_item page-item-163 page_item_has_children\"><a href=\"https:\/\/yvesoesch.ch\/wordpress\/technique\/electronique-rf\/\">Electronique \/ RF<\/a><\/li>\n<li class=\"page_item page-item-81 page_item_has_children\"><a href=\"https:\/\/yvesoesch.ch\/wordpress\/technique\/trx-modifications\/\">Professional transceivers modifications<\/a><\/li>\n<li class=\"page_item page-item-167\"><a href=\"https:\/\/yvesoesch.ch\/wordpress\/technique\/software\/\">Software<\/a><\/li>\n<li class=\"page_item page-item-10 page_item_has_children\"><a href=\"https:\/\/yvesoesch.ch\/wordpress\/technique\/divers\/\">Divers<\/a><\/li>\n<li class=\"page_item page-item-49\"><a href=\"https:\/\/yvesoesch.ch\/wordpress\/technique\/patents_scientificpub\/\">Patents \/ Scientific publications<\/a><\/li><\/ul><\/div>\n\n\n\n<p><\/p>\n","protected":false},"excerpt":{"rendered":"<p>Quelques pages sur la technique, principalement radioamateur. Les articles, expos\u00e9s et r\u00e9alisation sont plus ou moins r\u00e9cent. Certains th\u00e8mes peuvent \u00eatre carr\u00e9ment obsol\u00e8tes. Le but de ces quelques pages \u00e9tant d&rsquo;archiver mon travail pass\u00e9 et de le mettre \u00e0 disposition de tous. Si \u00e7a peut servir, tant mieux. Fourni sans garanties!<\/p>\n","protected":false},"author":3,"featured_media":0,"parent":0,"menu_order":0,"comment_status":"closed","ping_status":"closed","template":"","meta":{"footnotes":""},"class_list":["post-12","page","type-page","status-publish","hentry","entry"],"_links":{"self":[{"href":"https:\/\/yvesoesch.ch\/wordpress\/wp-json\/wp\/v2\/pages\/12","targetHints":{"allow":["GET"]}}],"collection":[{"href":"https:\/\/yvesoesch.ch\/wordpress\/wp-json\/wp\/v2\/pages"}],"about":[{"href":"https:\/\/yvesoesch.ch\/wordpress\/wp-json\/wp\/v2\/types\/page"}],"author":[{"embeddable":true,"href":"https:\/\/yvesoesch.ch\/wordpress\/wp-json\/wp\/v2\/users\/3"}],"replies":[{"embeddable":true,"href":"https:\/\/yvesoesch.ch\/wordpress\/wp-json\/wp\/v2\/comments?post=12"}],"version-history":[{"count":7,"href":"https:\/\/yvesoesch.ch\/wordpress\/wp-json\/wp\/v2\/pages\/12\/revisions"}],"predecessor-version":[{"id":191,"href":"https:\/\/yvesoesch.ch\/wordpress\/wp-json\/wp\/v2\/pages\/12\/revisions\/191"}],"wp:attachment":[{"href":"https:\/\/yvesoesch.ch\/wordpress\/wp-json\/wp\/v2\/media?parent=12"}],"curies":[{"name":"wp","href":"https:\/\/api.w.org\/{rel}","templated":true}]}}