{"id":163,"date":"2021-05-24T17:59:20","date_gmt":"2021-05-24T15:59:20","guid":{"rendered":"https:\/\/yvesoesch.ch\/wordpress\/?page_id=163"},"modified":"2023-09-13T21:31:06","modified_gmt":"2023-09-13T19:31:06","slug":"electronique-rf","status":"publish","type":"page","link":"https:\/\/yvesoesch.ch\/wordpress\/technique\/electronique-rf\/","title":{"rendered":"Electronique \/ RF"},"content":{"rendered":"\n<h2 class=\"wp-block-heading\">Pages<\/h2>\n\n\n<div id=\"ccchildpages-1\" class=\"ccchildpages ccflex  simple ccclearfix\"><ul class=\"ccchildpages_list ccclearfix\"><li class=\"page_item page-item-513\"><a href=\"https:\/\/yvesoesch.ch\/wordpress\/technique\/electronique-rf\/reparation-tm-d700\/\">R\u00e9paration du transceiver Kenwood TM-D700<\/a><\/li>\n<li class=\"page_item page-item-703\"><a href=\"https:\/\/yvesoesch.ch\/wordpress\/technique\/electronique-rf\/experience-with-lora-aprs-on-m5stack\/\">Experience with LoRa APRS on M5Stack<\/a><\/li>\n<li class=\"page_item page-item-737\"><a href=\"https:\/\/yvesoesch.ch\/wordpress\/technique\/electronique-rf\/ocxo-gpsdo-oscillators-comparison-over-4-days\/\">OCXO &#8211; GPSDO oscillators comparison over 4 days<\/a><\/li><\/ul><\/div>\n\n\n\n<h2 class=\"wp-block-heading\">Downloads<\/h2>\n\n\n\n<div class=\"wp-block-file\"><a id=\"wp-block-file--media-94252deb-40e6-4506-9374-68332d09d259\" href=\"https:\/\/yvesoesch.ch\/wordpress\/wp-content\/uploads\/2023\/02\/Article_RFzero.pdf\">Filtre passe-bas 50 MHz pour module <em>RF zero<\/em><\/a><a href=\"https:\/\/yvesoesch.ch\/wordpress\/wp-content\/uploads\/2023\/02\/Article_RFzero.pdf\" class=\"wp-block-file__button wp-element-button\" download aria-describedby=\"wp-block-file--media-94252deb-40e6-4506-9374-68332d09d259\">T\u00e9l\u00e9charger<\/a><\/div>\n\n\n\n<div class=\"wp-block-file\"><a id=\"wp-block-file--media-c2794a1a-ee88-43fd-9996-a93595d6611f\" href=\"https:\/\/yvesoesch.ch\/wordpress\/wp-content\/uploads\/2022\/01\/IFR_1500_PowerSupply_Repair.pdf\">IFR_1500_service monitor PowerSupply_Repair<\/a><a href=\"https:\/\/yvesoesch.ch\/wordpress\/wp-content\/uploads\/2022\/01\/IFR_1500_PowerSupply_Repair.pdf\" class=\"wp-block-file__button wp-element-button\" download aria-describedby=\"wp-block-file--media-c2794a1a-ee88-43fd-9996-a93595d6611f\">T\u00e9l\u00e9charger<\/a><\/div>\n\n\n\n<div class=\"wp-block-file\"><a id=\"wp-block-file--media-1d71aa50-6cf1-4141-a65b-0fd8a037f52d\" href=\"https:\/\/yvesoesch.ch\/wordpress\/wp-content\/uploads\/2021\/12\/Notch_VDSL_50MHz.pdf\">Filtre notch 50 MHz pour VDSL<\/a><a href=\"https:\/\/yvesoesch.ch\/wordpress\/wp-content\/uploads\/2021\/12\/Notch_VDSL_50MHz.pdf\" class=\"wp-block-file__button wp-element-button\" download aria-describedby=\"wp-block-file--media-1d71aa50-6cf1-4141-a65b-0fd8a037f52d\">T\u00e9l\u00e9charger<\/a><\/div>\n\n\n\n<div class=\"wp-block-file\"><a id=\"wp-block-file--media-7088111b-ee1e-4cf9-bdd9-42fe1b0c8f93\" href=\"https:\/\/yvesoesch.ch\/wordpress\/wp-content\/uploads\/2021\/12\/Article_Driver23cm.pdf\">Driver 10 W 1296 MHz<\/a><a href=\"https:\/\/yvesoesch.ch\/wordpress\/wp-content\/uploads\/2021\/12\/Article_Driver23cm.pdf\" class=\"wp-block-file__button wp-element-button\" download aria-describedby=\"wp-block-file--media-7088111b-ee1e-4cf9-bdd9-42fe1b0c8f93\">T\u00e9l\u00e9charger<\/a><\/div>\n\n\n\n<div class=\"wp-block-file\"><a id=\"wp-block-file--media-ad2b57c2-b6cc-4668-bb0b-8ede3c83fed6\" href=\"https:\/\/yvesoesch.ch\/wordpress\/wp-content\/uploads\/2021\/05\/2014_02_Reparation_HP8594E.pdf\">R\u00e9paration d'un analyseur de spectre HP 8594E<\/a><a href=\"https:\/\/yvesoesch.ch\/wordpress\/wp-content\/uploads\/2021\/05\/2014_02_Reparation_HP8594E.pdf\" class=\"wp-block-file__button wp-element-button\" download aria-describedby=\"wp-block-file--media-ad2b57c2-b6cc-4668-bb0b-8ede3c83fed6\">T\u00e9l\u00e9charger<\/a><\/div>\n\n\n\n<div class=\"wp-block-file\"><a id=\"wp-block-file--media-8e6de365-3855-4983-a1a6-74760fd76d16\" href=\"https:\/\/yvesoesch.ch\/wordpress\/wp-content\/uploads\/2021\/05\/2018_Sequenceur_US4ICI.pdf\">S\u00e9quenceur pour pr\u00e9amplificateur et amplificateurs externes<\/a><a href=\"https:\/\/yvesoesch.ch\/wordpress\/wp-content\/uploads\/2021\/05\/2018_Sequenceur_US4ICI.pdf\" class=\"wp-block-file__button wp-element-button\" download aria-describedby=\"wp-block-file--media-8e6de365-3855-4983-a1a6-74760fd76d16\">T\u00e9l\u00e9charger<\/a><\/div>\n\n\n\n<div class=\"wp-block-file\"><a id=\"wp-block-file--media-12615dae-0c27-49bd-948d-210c0c6cafbf\" href=\"https:\/\/yvesoesch.ch\/wordpress\/wp-content\/uploads\/2021\/05\/Filtre_YU1AW_HB9DTX_2_HbRadio_web.pdf\">Filtre pour harmoniques 432 MHz inspir\u00e9 par YU1AW<\/a><a href=\"https:\/\/yvesoesch.ch\/wordpress\/wp-content\/uploads\/2021\/05\/Filtre_YU1AW_HB9DTX_2_HbRadio_web.pdf\" class=\"wp-block-file__button wp-element-button\" download aria-describedby=\"wp-block-file--media-12615dae-0c27-49bd-948d-210c0c6cafbf\">T\u00e9l\u00e9charger<\/a><\/div>\n\n\n\n<div class=\"wp-block-file\"><a id=\"wp-block-file--media-a266bdf9-5f2f-4325-9906-e317b7d17b48\" href=\"https:\/\/yvesoesch.ch\/wordpress\/wp-content\/uploads\/2021\/05\/article_HBG_DCF77_complet_300dpi.pdf\">Modification d'un r\u00e9veil radiocontr\u00f4l\u00e9 par HBG pour DCF-77<\/a><a href=\"https:\/\/yvesoesch.ch\/wordpress\/wp-content\/uploads\/2021\/05\/article_HBG_DCF77_complet_300dpi.pdf\" class=\"wp-block-file__button wp-element-button\" download aria-describedby=\"wp-block-file--media-a266bdf9-5f2f-4325-9906-e317b7d17b48\">T\u00e9l\u00e9charger<\/a><\/div>\n\n\n\n<div class=\"wp-block-file\"><a id=\"wp-block-file--media-db138150-5ce7-428d-afa8-c0a0e27b0c4b\" href=\"https:\/\/yvesoesch.ch\/wordpress\/wp-content\/uploads\/2021\/05\/rfsim99.pdf\">Pr\u00e9sentation du simulateur radio RFsim99<\/a><a href=\"https:\/\/yvesoesch.ch\/wordpress\/wp-content\/uploads\/2021\/05\/rfsim99.pdf\" class=\"wp-block-file__button wp-element-button\" download aria-describedby=\"wp-block-file--media-db138150-5ce7-428d-afa8-c0a0e27b0c4b\">T\u00e9l\u00e9charger<\/a><\/div>\n\n\n\n<div class=\"wp-block-file\"><a id=\"wp-block-file--media-28db7ec1-7b29-4ef9-9ead-6da4f8afb835\" href=\"https:\/\/yvesoesch.ch\/wordpress\/wp-content\/uploads\/2021\/05\/connect.pdf\">Connecteurs coaxiaux<\/a><a href=\"https:\/\/yvesoesch.ch\/wordpress\/wp-content\/uploads\/2021\/05\/connect.pdf\" class=\"wp-block-file__button wp-element-button\" download aria-describedby=\"wp-block-file--media-28db7ec1-7b29-4ef9-9ead-6da4f8afb835\">T\u00e9l\u00e9charger<\/a><\/div>\n\n\n\n<div class=\"wp-block-file\"><a id=\"wp-block-file--media-61df9695-e77e-4530-97ac-3a496bea9d81\" href=\"https:\/\/yvesoesch.ch\/wordpress\/wp-content\/uploads\/2021\/05\/50ohm.pdf\">Pourquoi 50 ohms?<\/a><a href=\"https:\/\/yvesoesch.ch\/wordpress\/wp-content\/uploads\/2021\/05\/50ohm.pdf\" class=\"wp-block-file__button wp-element-button\" download aria-describedby=\"wp-block-file--media-61df9695-e77e-4530-97ac-3a496bea9d81\">T\u00e9l\u00e9charger<\/a><\/div>\n\n\n\n<div class=\"wp-block-file\"><a id=\"wp-block-file--media-3dc470d7-5aa4-4dfb-a52a-af8638c7ced6\" href=\"https:\/\/yvesoesch.ch\/wordpress\/wp-content\/uploads\/2021\/05\/dtmf.pdf\">D\u00e9codeur DTMF MT8870<\/a><a href=\"https:\/\/yvesoesch.ch\/wordpress\/wp-content\/uploads\/2021\/05\/dtmf.pdf\" class=\"wp-block-file__button wp-element-button\" download aria-describedby=\"wp-block-file--media-3dc470d7-5aa4-4dfb-a52a-af8638c7ced6\">T\u00e9l\u00e9charger<\/a><\/div>\n\n\n\n<div class=\"wp-block-file\"><a id=\"wp-block-file--media-8db259d4-ae16-407a-b354-779742e07f0e\" href=\"https:\/\/yvesoesch.ch\/wordpress\/wp-content\/uploads\/2021\/05\/filtre50.pdf\">Filtres \u00e0 facteur de qualit\u00e9 Q=1: Un coup de filtre, c'est si facile<\/a><a href=\"https:\/\/yvesoesch.ch\/wordpress\/wp-content\/uploads\/2021\/05\/filtre50.pdf\" class=\"wp-block-file__button wp-element-button\" download aria-describedby=\"wp-block-file--media-8db259d4-ae16-407a-b354-779742e07f0e\">T\u00e9l\u00e9charger<\/a><\/div>\n\n\n\n<div class=\"wp-block-file\"><a id=\"wp-block-file--media-05af6233-325d-40ac-91ca-593a1a795c31\" href=\"https:\/\/yvesoesch.ch\/wordpress\/wp-content\/uploads\/2021\/05\/alimentation.pdf\">Une alimentation 13.8V toute simple avec des composants de r\u00e9cup\u00e9ration<\/a><a href=\"https:\/\/yvesoesch.ch\/wordpress\/wp-content\/uploads\/2021\/05\/alimentation.pdf\" class=\"wp-block-file__button wp-element-button\" download aria-describedby=\"wp-block-file--media-05af6233-325d-40ac-91ca-593a1a795c31\">T\u00e9l\u00e9charger<\/a><\/div>\n\n\n\n<div class=\"wp-block-file\"><a id=\"wp-block-file--media-5c25a72d-010e-4d91-a189-207e225ea388\" href=\"https:\/\/yvesoesch.ch\/wordpress\/wp-content\/uploads\/2021\/05\/2G4_Signal_Source.pdf\">G\u00e9n\u00e9rateur de peigne pour hyperfr\u00e9quences bas\u00e9 sur un kit de l'AMSAT UK<\/a><a href=\"https:\/\/yvesoesch.ch\/wordpress\/wp-content\/uploads\/2021\/05\/2G4_Signal_Source.pdf\" class=\"wp-block-file__button wp-element-button\" download aria-describedby=\"wp-block-file--media-5c25a72d-010e-4d91-a189-207e225ea388\">T\u00e9l\u00e9charger<\/a><\/div>\n\n\n\n<div class=\"wp-block-file\"><a id=\"wp-block-file--media-0cd32f08-466f-4360-b806-c6edbe2ce2ee\" href=\"https:\/\/yvesoesch.ch\/wordpress\/wp-content\/uploads\/2021\/05\/FicheTest230V.pdf\">Fiche pour tester les prises 230 volt<\/a><a href=\"https:\/\/yvesoesch.ch\/wordpress\/wp-content\/uploads\/2021\/05\/FicheTest230V.pdf\" class=\"wp-block-file__button wp-element-button\" download aria-describedby=\"wp-block-file--media-0cd32f08-466f-4360-b806-c6edbe2ce2ee\">T\u00e9l\u00e9charger<\/a><\/div>\n\n\n\n<p>LNA 1.3 GHz bas\u00e9 sur un BFP640:<\/p>\n\n\n\n<div class=\"wp-block-file\"><a id=\"wp-block-file--media-ad03f751-ba03-42da-ada1-6bfa1bbed1c7\" href=\"https:\/\/yvesoesch.ch\/wordpress\/wp-content\/uploads\/2021\/05\/lna23cm_fr.pdf\">version fran\u00e7aise<\/a><a href=\"https:\/\/yvesoesch.ch\/wordpress\/wp-content\/uploads\/2021\/05\/lna23cm_fr.pdf\" class=\"wp-block-file__button wp-element-button\" download aria-describedby=\"wp-block-file--media-ad03f751-ba03-42da-ada1-6bfa1bbed1c7\">T\u00e9l\u00e9charger<\/a><\/div>\n\n\n\n<div class=\"wp-block-file\"><a id=\"wp-block-file--media-ce4f0f23-7766-4289-99d9-4c9b43918128\" href=\"https:\/\/yvesoesch.ch\/wordpress\/wp-content\/uploads\/2021\/05\/lna23cm_en.pdf\">version anglaise<\/a><a href=\"https:\/\/yvesoesch.ch\/wordpress\/wp-content\/uploads\/2021\/05\/lna23cm_en.pdf\" class=\"wp-block-file__button wp-element-button\" download aria-describedby=\"wp-block-file--media-ce4f0f23-7766-4289-99d9-4c9b43918128\">T\u00e9l\u00e9charger<\/a><\/div>\n\n\n\n<p>Ajout d'un mode \"vacances\" sur une pompe \u00e0 chaleur ELCO Aerotop:<\/p>\n\n\n\n<div class=\"wp-block-file\"><a id=\"wp-block-file--media-9a7422a7-a994-4f15-82aa-9b85a92759fc\" href=\"https:\/\/yvesoesch.ch\/wordpress\/wp-content\/uploads\/2021\/05\/Mode_Vacances_PAC_Elco.pdf\">Description (pdf)<\/a><a href=\"https:\/\/yvesoesch.ch\/wordpress\/wp-content\/uploads\/2021\/05\/Mode_Vacances_PAC_Elco.pdf\" class=\"wp-block-file__button wp-element-button\" download aria-describedby=\"wp-block-file--media-9a7422a7-a994-4f15-82aa-9b85a92759fc\">T\u00e9l\u00e9charger<\/a><\/div>\n\n\n\n<div class=\"wp-block-file\"><a id=\"wp-block-file--media-97ea9df6-e87e-4176-9769-77a99a5feb3e\" href=\"https:\/\/yvesoesch.ch\/wordpress\/wp-content\/uploads\/2021\/05\/Mode_Vacances_PAC_Elco.zip\">Package complet avec sch\u00e9mas et code python (zip)<\/a><a href=\"https:\/\/yvesoesch.ch\/wordpress\/wp-content\/uploads\/2021\/05\/Mode_Vacances_PAC_Elco.zip\" class=\"wp-block-file__button wp-element-button\" download aria-describedby=\"wp-block-file--media-97ea9df6-e87e-4176-9769-77a99a5feb3e\">T\u00e9l\u00e9charger<\/a><\/div>\n\n\n\n<p><\/p>\n","protected":false},"excerpt":{"rendered":"<p>Pages Downloads LNA 1.3 GHz bas\u00e9 sur un BFP640: Ajout d&rsquo;un mode \u00ab\u00a0vacances\u00a0\u00bb sur une pompe \u00e0 chaleur ELCO Aerotop:<\/p>\n","protected":false},"author":3,"featured_media":0,"parent":12,"menu_order":20,"comment_status":"closed","ping_status":"closed","template":"","meta":{"footnotes":""},"class_list":["post-163","page","type-page","status-publish","hentry","entry"],"_links":{"self":[{"href":"https:\/\/yvesoesch.ch\/wordpress\/wp-json\/wp\/v2\/pages\/163","targetHints":{"allow":["GET"]}}],"collection":[{"href":"https:\/\/yvesoesch.ch\/wordpress\/wp-json\/wp\/v2\/pages"}],"about":[{"href":"https:\/\/yvesoesch.ch\/wordpress\/wp-json\/wp\/v2\/types\/page"}],"author":[{"embeddable":true,"href":"https:\/\/yvesoesch.ch\/wordpress\/wp-json\/wp\/v2\/users\/3"}],"replies":[{"embeddable":true,"href":"https:\/\/yvesoesch.ch\/wordpress\/wp-json\/wp\/v2\/comments?post=163"}],"version-history":[{"count":11,"href":"https:\/\/yvesoesch.ch\/wordpress\/wp-json\/wp\/v2\/pages\/163\/revisions"}],"predecessor-version":[{"id":711,"href":"https:\/\/yvesoesch.ch\/wordpress\/wp-json\/wp\/v2\/pages\/163\/revisions\/711"}],"up":[{"embeddable":true,"href":"https:\/\/yvesoesch.ch\/wordpress\/wp-json\/wp\/v2\/pages\/12"}],"wp:attachment":[{"href":"https:\/\/yvesoesch.ch\/wordpress\/wp-json\/wp\/v2\/media?parent=163"}],"curies":[{"name":"wp","href":"https:\/\/api.w.org\/{rel}","templated":true}]}}