{"id":167,"date":"2021-05-24T18:03:03","date_gmt":"2021-05-24T16:03:03","guid":{"rendered":"https:\/\/yvesoesch.ch\/wordpress\/?page_id=167"},"modified":"2022-12-06T16:05:44","modified_gmt":"2022-12-06T15:05:44","slug":"software","status":"publish","type":"page","link":"https:\/\/yvesoesch.ch\/wordpress\/technique\/software\/","title":{"rendered":"Software"},"content":{"rendered":"\n<p>Extraction of Best DX out of EDI files. Plotting QSO statistics and stations position on map (<a rel=\"noreferrer noopener\" href=\"https:\/\/github.com\/HB9DTX\/EDI2ODX\" target=\"_blank\">github<\/a>)<\/p>\n\n\n\n<p><\/p>\n\n\n\n<div class=\"wp-block-file\"><a id=\"wp-block-file--media-2b08a688-f992-4742-8f06-bb191ec1ebb2\" href=\"https:\/\/yvesoesch.ch\/wordpress\/wp-content\/uploads\/2021\/11\/SEC_Contest_2021.zip\">Script python pour g\u00e9n\u00e9rer un fichier ADIF correspondant au logfile CSV g\u00e9n\u00e9r\u00e9 par SEC21, programme de log utilis\u00e9 lors du contest Swiss Emergency Contest 2021<br>SEC_Contest_2021<\/a><a href=\"https:\/\/yvesoesch.ch\/wordpress\/wp-content\/uploads\/2021\/11\/SEC_Contest_2021.zip\" class=\"wp-block-file__button wp-element-button\" download aria-describedby=\"wp-block-file--media-2b08a688-f992-4742-8f06-bb191ec1ebb2\">T\u00e9l\u00e9charger<\/a><\/div>\n\n\n\n<div class=\"wp-block-file\"><a id=\"wp-block-file--media-09e85714-ebd9-4519-a732-b8861bd518a4\" href=\"https:\/\/yvesoesch.ch\/wordpress\/wp-content\/uploads\/2021\/05\/MIC98583_read_plot_python3_scripts.zip\">Scripts python pour la configuration, la lecture et la repr\u00e9sentation graphique des donn\u00e9es d&rsquo;un thermom\u00e8tre\/hygrom\u00e8tre MIC98583<\/a><a href=\"https:\/\/yvesoesch.ch\/wordpress\/wp-content\/uploads\/2021\/05\/MIC98583_read_plot_python3_scripts.zip\" class=\"wp-block-file__button wp-element-button\" download aria-describedby=\"wp-block-file--media-09e85714-ebd9-4519-a732-b8861bd518a4\">T\u00e9l\u00e9charger<\/a><\/div>\n\n\n\n<div class=\"wp-block-file\"><a id=\"wp-block-file--media-1653217b-d137-4a28-9a60-50ada279e8c7\" href=\"https:\/\/yvesoesch.ch\/wordpress\/wp-content\/uploads\/2021\/05\/locator.pdf\">Calcul du QRA locator (syst\u00e8me Maidenhead). Routine Matlab<\/a><a href=\"https:\/\/yvesoesch.ch\/wordpress\/wp-content\/uploads\/2021\/05\/locator.pdf\" class=\"wp-block-file__button wp-element-button\" download aria-describedby=\"wp-block-file--media-1653217b-d137-4a28-9a60-50ada279e8c7\">T\u00e9l\u00e9charger<\/a><\/div>\n\n\n\n<p>TAHO.EXE, un outil permettant de g\u00e9n\u00e9rer des cartes pour UI-View, \u00e0 partir d&rsquo;OpenStreetMap:<\/p>\n\n\n\n<div class=\"wp-block-file\"><a id=\"wp-block-file--media-5672f2b8-7abf-4c43-bdee-b384f25a1239\" href=\"https:\/\/yvesoesch.ch\/wordpress\/wp-content\/uploads\/2021\/05\/annonce_taho_f.pdf\">version fran\u00e7aise<\/a><a href=\"https:\/\/yvesoesch.ch\/wordpress\/wp-content\/uploads\/2021\/05\/annonce_taho_f.pdf\" class=\"wp-block-file__button wp-element-button\" download aria-describedby=\"wp-block-file--media-5672f2b8-7abf-4c43-bdee-b384f25a1239\">T\u00e9l\u00e9charger<\/a><\/div>\n\n\n\n<div class=\"wp-block-file\"><a id=\"wp-block-file--media-340f99bc-8b70-4529-acb9-2efc0b5504a7\" href=\"https:\/\/yvesoesch.ch\/wordpress\/wp-content\/uploads\/2021\/05\/annonce_taho_e.pdf\">english version<\/a><a href=\"https:\/\/yvesoesch.ch\/wordpress\/wp-content\/uploads\/2021\/05\/annonce_taho_e.pdf\" class=\"wp-block-file__button wp-element-button\" download aria-describedby=\"wp-block-file--media-340f99bc-8b70-4529-acb9-2efc0b5504a7\">T\u00e9l\u00e9charger<\/a><\/div>\n\n\n\n<p><\/p>\n","protected":false},"excerpt":{"rendered":"<p>Extraction of Best DX out of EDI files. Plotting QSO statistics and stations position on map (github) TAHO.EXE, un outil permettant de g\u00e9n\u00e9rer des cartes pour UI-View, \u00e0 partir d&rsquo;OpenStreetMap:<\/p>\n","protected":false},"author":3,"featured_media":0,"parent":12,"menu_order":40,"comment_status":"closed","ping_status":"closed","template":"","meta":{"footnotes":""},"class_list":["post-167","page","type-page","status-publish","hentry","entry"],"_links":{"self":[{"href":"https:\/\/yvesoesch.ch\/wordpress\/wp-json\/wp\/v2\/pages\/167","targetHints":{"allow":["GET"]}}],"collection":[{"href":"https:\/\/yvesoesch.ch\/wordpress\/wp-json\/wp\/v2\/pages"}],"about":[{"href":"https:\/\/yvesoesch.ch\/wordpress\/wp-json\/wp\/v2\/types\/page"}],"author":[{"embeddable":true,"href":"https:\/\/yvesoesch.ch\/wordpress\/wp-json\/wp\/v2\/users\/3"}],"replies":[{"embeddable":true,"href":"https:\/\/yvesoesch.ch\/wordpress\/wp-json\/wp\/v2\/comments?post=167"}],"version-history":[{"count":7,"href":"https:\/\/yvesoesch.ch\/wordpress\/wp-json\/wp\/v2\/pages\/167\/revisions"}],"predecessor-version":[{"id":599,"href":"https:\/\/yvesoesch.ch\/wordpress\/wp-json\/wp\/v2\/pages\/167\/revisions\/599"}],"up":[{"embeddable":true,"href":"https:\/\/yvesoesch.ch\/wordpress\/wp-json\/wp\/v2\/pages\/12"}],"wp:attachment":[{"href":"https:\/\/yvesoesch.ch\/wordpress\/wp-json\/wp\/v2\/media?parent=167"}],"curies":[{"name":"wp","href":"https:\/\/api.w.org\/{rel}","templated":true}]}}