{"id":19,"date":"2021-05-22T22:57:06","date_gmt":"2021-05-22T20:57:06","guid":{"rendered":"https:\/\/yvesoesch.ch\/wordpress\/?page_id=19"},"modified":"2023-03-26T10:01:57","modified_gmt":"2023-03-26T08:01:57","slug":"about","status":"publish","type":"page","link":"https:\/\/yvesoesch.ch\/wordpress\/about\/","title":{"rendered":"About"},"content":{"rendered":"\n<h2 class=\"wp-block-heading\">Mon parcours en bref<\/h2>\n\n\n<div class=\"wp-block-image is-style-rounded\">\n<figure class=\"alignright size-medium is-resized\"><img loading=\"lazy\" decoding=\"async\" src=\"https:\/\/yvesoesch.ch\/wordpress\/wp-content\/uploads\/2021\/05\/yvesoesch-230x300.jpg\" alt=\"Profile picture\" class=\"wp-image-72\" width=\"115\" height=\"150\" srcset=\"https:\/\/yvesoesch.ch\/wordpress\/wp-content\/uploads\/2021\/05\/yvesoesch-230x300.jpg 230w, https:\/\/yvesoesch.ch\/wordpress\/wp-content\/uploads\/2021\/05\/yvesoesch-786x1024.jpg 786w, https:\/\/yvesoesch.ch\/wordpress\/wp-content\/uploads\/2021\/05\/yvesoesch-768x1001.jpg 768w, https:\/\/yvesoesch.ch\/wordpress\/wp-content\/uploads\/2021\/05\/yvesoesch-1179x1536.jpg 1179w, https:\/\/yvesoesch.ch\/wordpress\/wp-content\/uploads\/2021\/05\/yvesoesch-1572x2048.jpg 1572w, https:\/\/yvesoesch.ch\/wordpress\/wp-content\/uploads\/2021\/05\/yvesoesch-scaled.jpg 1965w\" sizes=\"auto, (max-width: 115px) 100vw, 115px\" \/><\/figure>\n<\/div>\n\n\n<ul class=\"wp-block-list\">\n<li>2023 Consultant ind\u00e9pendant chez <a href=\"http:\/\/www.ynovo.ch\">Ynovo<\/a> (50%) + <em>RF &amp; Antennas Expert<\/em> \u00e0 <a href=\"http:\/\/sonova-communications.com\" data-type=\"URL\" data-id=\"http:\/\/sonova-communications.com\">Sonova Communications<\/a> (50%)<\/li>\n\n\n\n<li>2021 Team leader <em>RF Design<\/em> chez <a href=\"http:\/\/sonova-communications.com\" data-type=\"URL\" data-id=\"http:\/\/sonova-communications.com\">Sonova Communications<\/a> \u00e0 Morat<\/li>\n\n\n\n<li>2017 Amateur radio license US Extra class (AJ6AD)<\/li>\n\n\n\n<li>2015 Construction d&rsquo;une villa ayant re\u00e7u le prix \u00e0 l&rsquo;\u00e9nergie de la ville de Neuch\u00e2tel en 2020.<\/li>\n\n\n\n<li>D\u00e8s janvier 2007, employ\u00e9 en qualit\u00e9 de <em>Senior RF Engineer<\/em> chez <a rel=\"noreferrer noopener\" href=\"http:\/\/www.phonak-communications.com\/\" target=\"_blank\">Phonak Communications<\/a> \u00e0 Morat \/ Murten.<\/li>\n\n\n\n<li>2002 Licence radioamateur CEPT class 1 (toutes les bandes de fr\u00e9quences, HB9DTX)<\/li>\n\n\n\n<li>Mars 1999 &#8211; D\u00e9cembre 2006, travail en tant qu&rsquo;ing\u00e9nieur d\u00e9veloppement en \u00e9lectronique haute-fr\u00e9quence \u00e0 <a rel=\"noreferrer noopener\" href=\"http:\/\/www.asulab.ch\/\" target=\"_blank\">ASULAB<\/a>, laboratoire central de recherche et d\u00e9veloppement du <a rel=\"noreferrer noopener\" href=\"http:\/\/www.swatchgroup.ch\/\" target=\"_blank\">Swatch Group<\/a>, \u00e0 Marin, Neuch\u00e2tel<\/li>\n\n\n\n<li>hiver 1998 Travail de dipl\u00f4me: dispositif \u00e9lectronique de recherche d&rsquo;homme \u00e0 la mer par radiogoniom\u00e9trie bas\u00e9 sur le principe du <a href=\"http:\/\/www.yvesoesch.ch\/publicat\/diplome\/gonio_1.htm\">radiogoniom\u00e8tre \u00e0 effet Doppler<\/a><\/li>\n\n\n\n<li>1997 Licence radioamateur CEPT class 2 ( fr\u00e9quences &gt;30 MHz, HB9VJV)<\/li>\n\n\n\n<li>1994-1999 Etudes d&rsquo;ing\u00e9nieur \u00e9lectricien \u00e0 l&rsquo;<a rel=\"noreferrer noopener\" href=\"http:\/\/www.epfl.ch\/\" target=\"_blank\">EPFL<\/a><\/li>\n\n\n\n<li>1991-1994 Maturit\u00e9 f\u00e9d\u00e9rale type C (scientifique) au Gymnase du Bugnon, \u00e0 Lausanne \u00e9galement<\/li>\n\n\n\n<li>1989-1994 Scolarit\u00e9 secondaire \u00ab\u00a0pr\u00e9gymnasiale scientifique\u00a0\u00bb au coll\u00e8ge de Villamont \u00e0 Lausanne<\/li>\n<\/ul>\n\n\n\n<h2 class=\"wp-block-heading\">Curriculum vitae \u00e0 t\u00e9l\u00e9charger (pdf)<\/h2>\n\n\n\n<div class=\"wp-block-file\"><a id=\"wp-block-file--media-9fad0a94-c605-4c7c-88ca-a1bf7d0ee8f7\" href=\"https:\/\/yvesoesch.ch\/wordpress\/wp-content\/uploads\/2022\/09\/CV_YvesOesch.pdf\">CV_YvesOesch<\/a><a href=\"https:\/\/yvesoesch.ch\/wordpress\/wp-content\/uploads\/2022\/09\/CV_YvesOesch.pdf\" class=\"wp-block-file__button wp-element-button\" download aria-describedby=\"wp-block-file--media-9fad0a94-c605-4c7c-88ca-a1bf7d0ee8f7\">T\u00e9l\u00e9charger<\/a><\/div>\n","protected":false},"excerpt":{"rendered":"<p>Mon parcours en bref Curriculum vitae \u00e0 t\u00e9l\u00e9charger (pdf)<\/p>\n","protected":false},"author":3,"featured_media":0,"parent":0,"menu_order":0,"comment_status":"closed","ping_status":"closed","template":"","meta":{"footnotes":""},"class_list":["post-19","page","type-page","status-publish","hentry","entry"],"_links":{"self":[{"href":"https:\/\/yvesoesch.ch\/wordpress\/wp-json\/wp\/v2\/pages\/19","targetHints":{"allow":["GET"]}}],"collection":[{"href":"https:\/\/yvesoesch.ch\/wordpress\/wp-json\/wp\/v2\/pages"}],"about":[{"href":"https:\/\/yvesoesch.ch\/wordpress\/wp-json\/wp\/v2\/types\/page"}],"author":[{"embeddable":true,"href":"https:\/\/yvesoesch.ch\/wordpress\/wp-json\/wp\/v2\/users\/3"}],"replies":[{"embeddable":true,"href":"https:\/\/yvesoesch.ch\/wordpress\/wp-json\/wp\/v2\/comments?post=19"}],"version-history":[{"count":24,"href":"https:\/\/yvesoesch.ch\/wordpress\/wp-json\/wp\/v2\/pages\/19\/revisions"}],"predecessor-version":[{"id":680,"href":"https:\/\/yvesoesch.ch\/wordpress\/wp-json\/wp\/v2\/pages\/19\/revisions\/680"}],"wp:attachment":[{"href":"https:\/\/yvesoesch.ch\/wordpress\/wp-json\/wp\/v2\/media?parent=19"}],"curies":[{"name":"wp","href":"https:\/\/api.w.org\/{rel}","templated":true}]}}