{"id":38,"date":"2021-05-22T23:15:20","date_gmt":"2021-05-22T21:15:20","guid":{"rendered":"https:\/\/yvesoesch.ch\/wordpress\/?page_id=38"},"modified":"2021-09-16T22:36:13","modified_gmt":"2021-09-16T20:36:13","slug":"news","status":"publish","type":"page","link":"https:\/\/yvesoesch.ch\/wordpress\/news\/","title":{"rendered":"News"},"content":{"rendered":"<ul class=\"wp-block-latest-posts__list is-grid columns-2 has-dates wp-block-latest-posts\"><li><div class=\"wp-block-latest-posts__featured-image\"><a href=\"https:\/\/yvesoesch.ch\/wordpress\/2026\/04\/molette-pour-connecteur-sma-en-impression-3d\/\" aria-label=\"Molette pour connecteur SMA en impression 3D\"><img loading=\"lazy\" decoding=\"async\" width=\"150\" height=\"150\" src=\"https:\/\/yvesoesch.ch\/wordpress\/wp-content\/uploads\/2026\/04\/image-150x150.png\" class=\"attachment-thumbnail size-thumbnail wp-post-image\" alt=\"\" style=\"width:100%;height:68.34%;max-width:1096px;\" \/><\/a><\/div><a class=\"wp-block-latest-posts__post-title\" href=\"https:\/\/yvesoesch.ch\/wordpress\/2026\/04\/molette-pour-connecteur-sma-en-impression-3d\/\">Molette pour connecteur SMA en impression 3D<\/a><time datetime=\"2026-04-25T22:52:14+02:00\" class=\"wp-block-latest-posts__post-date\">25 avril 2026<\/time><div class=\"wp-block-latest-posts__post-excerpt\">Voir l&rsquo;article complet<\/div><\/li>\n<li><div class=\"wp-block-latest-posts__featured-image\"><a href=\"https:\/\/yvesoesch.ch\/wordpress\/2024\/09\/cours-bluetooth-low-energy\/\" aria-label=\"Cours Bluetooth Low Energy\"><img loading=\"lazy\" decoding=\"async\" width=\"150\" height=\"150\" src=\"https:\/\/yvesoesch.ch\/wordpress\/wp-content\/uploads\/2024\/09\/Bluetooth.svg-150x150.png\" class=\"attachment-thumbnail size-thumbnail wp-post-image\" alt=\"\" style=\"width:100%;height:152.73%;max-width:220px;\" \/><\/a><\/div><a class=\"wp-block-latest-posts__post-title\" href=\"https:\/\/yvesoesch.ch\/wordpress\/2024\/09\/cours-bluetooth-low-energy\/\">Cours Bluetooth Low Energy<\/a><time datetime=\"2024-09-17T20:42:30+02:00\" class=\"wp-block-latest-posts__post-date\">17 septembre 2024<\/time><div class=\"wp-block-latest-posts__post-excerpt\">Je donne un cours d&rsquo;introduction \u00e0 Bluetooth Low Energy \u00e0 la FSRM (Fondation Suisse pour la Recherche en Microtechnique) le 16 Novembre 2024. Le cours d&rsquo;une journ\u00e9e sera donn\u00e9 en fran\u00e7ais. Toutes les informations et inscription: https:\/\/www.fsrm.ch\/doc\/c805.php Objectifs du cours La norme Bluetooth est bien connue du grand public. Ce standard dont la premi\u00e8re version&hellip; <a class=\"more-link\" href=\"https:\/\/yvesoesch.ch\/wordpress\/2024\/09\/cours-bluetooth-low-energy\/\">Poursuivre la lecture <span class=\"screen-reader-text\">Cours Bluetooth Low Energy<\/span><\/a><\/div><\/li>\n<li><div class=\"wp-block-latest-posts__featured-image\"><a href=\"https:\/\/yvesoesch.ch\/wordpress\/2024\/09\/repair-of-an-sma-stp15000-solar-inverter\/\" aria-label=\"Repair of an SMA STP15000 solar inverter\"><img loading=\"lazy\" decoding=\"async\" width=\"150\" height=\"150\" src=\"https:\/\/yvesoesch.ch\/wordpress\/wp-content\/uploads\/2024\/09\/20240824_225404-150x150.jpg\" class=\"attachment-thumbnail size-thumbnail wp-post-image\" alt=\"AC relay contact burnt\" style=\"width:100%;height:75%;max-width:2000px;\" \/><\/a><\/div><a class=\"wp-block-latest-posts__post-title\" href=\"https:\/\/yvesoesch.ch\/wordpress\/2024\/09\/repair-of-an-sma-stp15000-solar-inverter\/\">Repair of an SMA STP15000 solar inverter<\/a><time datetime=\"2024-09-01T18:14:42+02:00\" class=\"wp-block-latest-posts__post-date\">1 septembre 2024<\/time><div class=\"wp-block-latest-posts__post-excerpt\">After 9 years of service without any problem and a production of almost 150&rsquo;000 kWh, our STP15000TL inverter suddenly decided to stop working. The displayed showed a cryptic Error 7702. Accessing the device through its Bluetooth interface by using the SunnyExplorer software didn&rsquo;t bring more information. The error was labelled 77 in the software. Recommendation&hellip; <a class=\"more-link\" href=\"https:\/\/yvesoesch.ch\/wordpress\/2024\/09\/repair-of-an-sma-stp15000-solar-inverter\/\">Poursuivre la lecture <span class=\"screen-reader-text\">Repair of an SMA STP15000 solar inverter<\/span><\/a><\/div><\/li>\n<li><div class=\"wp-block-latest-posts__featured-image\"><a href=\"https:\/\/yvesoesch.ch\/wordpress\/2024\/06\/ocxo-versus-gpsdo\/\" aria-label=\"OCXO versus GPSDO\"><img loading=\"lazy\" decoding=\"async\" width=\"150\" height=\"150\" src=\"https:\/\/yvesoesch.ch\/wordpress\/wp-content\/uploads\/2024\/06\/20240523_095346-150x150.jpg\" class=\"attachment-thumbnail size-thumbnail wp-post-image\" alt=\"\" style=\"width:100%;height:75%;max-width:2560px;\" \/><\/a><\/div><a class=\"wp-block-latest-posts__post-title\" href=\"https:\/\/yvesoesch.ch\/wordpress\/2024\/06\/ocxo-versus-gpsdo\/\">OCXO versus GPSDO<\/a><time datetime=\"2024-06-15T23:39:44+02:00\" class=\"wp-block-latest-posts__post-date\">15 juin 2024<\/time><div class=\"wp-block-latest-posts__post-excerpt\">A comparison measurement between an Oven Controlled Xtal Oscillator and a GPS Disciplined Oscillator is availble. Full article: OCXO \u2013 GPSDO oscillators comparison over 4 days<\/div><\/li>\n<li><a class=\"wp-block-latest-posts__post-title\" href=\"https:\/\/yvesoesch.ch\/wordpress\/2024\/01\/fichiers-ics-pour-activites-radio\/\">Fichiers *.ics pour activit\u00e9s radio 2024<\/a><time datetime=\"2024-01-06T21:57:20+01:00\" class=\"wp-block-latest-posts__post-date\">6 janvier 2024<\/time><div class=\"wp-block-latest-posts__post-excerpt\">Comme de coutume, voici quelques fichiers pour calendrier \u00e9lectronique \u00e0 importer pour avoir automatiquement quelques manifestations de radioamateurs dans votre agenda telles que: \u00e0 chaque fois une version avec ou sans alarme. Un fichier texte d\u00e9crit le contenu des fichiers *.ics correspondants. Attention sous Outlook il faut faire un glisser-d\u00e9placer du fichier ics dans le&hellip; <a class=\"more-link\" href=\"https:\/\/yvesoesch.ch\/wordpress\/2024\/01\/fichiers-ics-pour-activites-radio\/\">Poursuivre la lecture <span class=\"screen-reader-text\">Fichiers *.ics pour activit\u00e9s radio 2024<\/span><\/a><\/div><\/li>\n<li><div class=\"wp-block-latest-posts__featured-image\"><a href=\"https:\/\/yvesoesch.ch\/wordpress\/2023\/09\/trials-with-lora-aprs-on-433-mhz\/\" aria-label=\"Trials with LoRa APRS on 433 MHz\"><img loading=\"lazy\" decoding=\"async\" width=\"150\" height=\"150\" src=\"https:\/\/yvesoesch.ch\/wordpress\/wp-content\/uploads\/2023\/09\/APRS_Cube_M5Stack_low-150x150.jpg\" class=\"attachment-thumbnail size-thumbnail wp-post-image\" alt=\"M5Stack with GPS and 433 Mhz modules running APRSCube firmware\" style=\"width:100%;height:75%;max-width:1440px;\" \/><\/a><\/div><a class=\"wp-block-latest-posts__post-title\" href=\"https:\/\/yvesoesch.ch\/wordpress\/2023\/09\/trials-with-lora-aprs-on-433-mhz\/\">Trials with LoRa APRS on 433 MHz<\/a><time datetime=\"2023-09-13T21:25:19+02:00\" class=\"wp-block-latest-posts__post-date\">13 septembre 2023<\/time><div class=\"wp-block-latest-posts__post-excerpt\">Description of some experiences of low power transmissions using the M5stack hardware. Full article: Experience with LoRa APRS on M5Stack<\/div><\/li>\n<li><div class=\"wp-block-latest-posts__featured-image\"><a href=\"https:\/\/yvesoesch.ch\/wordpress\/2023\/02\/filtre-passe-bas-50-mhz\/\" aria-label=\"Filtre passe-bas 50 MHz\"><img loading=\"lazy\" decoding=\"async\" width=\"150\" height=\"150\" src=\"https:\/\/yvesoesch.ch\/wordpress\/wp-content\/uploads\/2023\/02\/Frequency_Responses_50MHz_Filter-150x150.png\" class=\"attachment-thumbnail size-thumbnail wp-post-image\" alt=\"50 MHz frequency response graph\" style=\"width:100%;height:80%;max-width:1795px;\" \/><\/a><\/div><a class=\"wp-block-latest-posts__post-title\" href=\"https:\/\/yvesoesch.ch\/wordpress\/2023\/02\/filtre-passe-bas-50-mhz\/\">Filtre passe-bas 50 MHz<\/a><time datetime=\"2023-02-20T22:14:05+01:00\" class=\"wp-block-latest-posts__post-date\">20 f\u00e9vrier 2023<\/time><div class=\"wp-block-latest-posts__post-excerpt\">Description d&rsquo;un filtre passe-bas Cauer 7\u00e8me ordre pour balise WSPR bas\u00e9 sur un module RF zero, avec mesure de l&rsquo;\u00e9metteur complet et mise en bo\u00eetier.<\/div><\/li>\n<li><a class=\"wp-block-latest-posts__post-title\" href=\"https:\/\/yvesoesch.ch\/wordpress\/2022\/11\/consulting-services\/\">Consulting services<\/a><time datetime=\"2022-11-29T23:07:09+01:00\" class=\"wp-block-latest-posts__post-date\">29 novembre 2022<\/time><div class=\"wp-block-latest-posts__post-excerpt\">From 1. December 2022 onwards, I have reduced my working time for Sonova. I have now some availabilities to provide consulting services. With more than 20 years of experience in wireless, I can provide support at all stages of RF product development, in particular: Frequency range: DC-10 GHz. Don&rsquo;t hesitate to contact me if you&hellip; <a class=\"more-link\" href=\"https:\/\/yvesoesch.ch\/wordpress\/2022\/11\/consulting-services\/\">Poursuivre la lecture <span class=\"screen-reader-text\">Consulting services<\/span><\/a><\/div><\/li>\n<li><div class=\"wp-block-latest-posts__featured-image\"><a href=\"https:\/\/yvesoesch.ch\/wordpress\/2022\/05\/reparation-dun-transceiver-tm-d700\/\" aria-label=\"R\u00e9paration du transceiver TM-D700\"><img loading=\"lazy\" decoding=\"async\" width=\"150\" height=\"150\" src=\"https:\/\/yvesoesch.ch\/wordpress\/wp-content\/uploads\/2022\/05\/TM-D700-150x150.jpeg\" class=\"attachment-thumbnail size-thumbnail wp-post-image\" alt=\"\" style=\"width:100%;height:128%;max-width:400px;\" \/><\/a><\/div><a class=\"wp-block-latest-posts__post-title\" href=\"https:\/\/yvesoesch.ch\/wordpress\/2022\/05\/reparation-dun-transceiver-tm-d700\/\">R\u00e9paration du transceiver TM-D700<\/a><time datetime=\"2022-05-07T22:01:53+02:00\" class=\"wp-block-latest-posts__post-date\">7 mai 2022<\/time><div class=\"wp-block-latest-posts__post-excerpt\">R\u00e9paration du transceiver Kenwood TM-D700<\/div><\/li>\n<li><div class=\"wp-block-latest-posts__featured-image\"><a href=\"https:\/\/yvesoesch.ch\/wordpress\/2022\/01\/fichiers-ics-pour-activites-radioamateurs-2022-en-romandie\/\" aria-label=\"==MISE A JOUR== Fichiers *.ics pour activit\u00e9s radioamateurs 2022 en romandie et france voisine\"><img loading=\"lazy\" decoding=\"async\" width=\"150\" height=\"150\" src=\"https:\/\/yvesoesch.ch\/wordpress\/wp-content\/uploads\/2022\/01\/Icone_calendrier-150x150.png\" class=\"attachment-thumbnail size-thumbnail wp-post-image\" alt=\"\" style=\"width:100%;height:95.49%;max-width:754px;\" \/><\/a><\/div><a class=\"wp-block-latest-posts__post-title\" href=\"https:\/\/yvesoesch.ch\/wordpress\/2022\/01\/fichiers-ics-pour-activites-radioamateurs-2022-en-romandie\/\">==MISE A JOUR== Fichiers *.ics pour activit\u00e9s radioamateurs 2022 en romandie et france voisine<\/a><time datetime=\"2022-01-21T22:12:00+01:00\" class=\"wp-block-latest-posts__post-date\">21 janvier 2022<\/time><div class=\"wp-block-latest-posts__post-excerpt\">Comme l&rsquo;ann\u00e9e pass\u00e9e, voici quelques fichiers pour calendrier \u00e9lectronique \u00e0 importer pour avoir automatiquement quelques manifestations de radioamateurs telles que: R\u00e9unions de club Contest VHF-UHF Swiss Activity contests Stamms et QSO de la SUNe Journ\u00e9es d&rsquo;activit\u00e9s hyperfr\u00e9quences \u00e0 chaque fois une version avec ou sans alarme. Un fichier texte d\u00e9crit le contenu des fichiers *.ics&hellip; <a class=\"more-link\" href=\"https:\/\/yvesoesch.ch\/wordpress\/2022\/01\/fichiers-ics-pour-activites-radioamateurs-2022-en-romandie\/\">Poursuivre la lecture <span class=\"screen-reader-text\">==MISE A JOUR== Fichiers *.ics pour activit\u00e9s radioamateurs 2022 en romandie et france voisine<\/span><\/a><\/div><\/li>\n<\/ul>\n\n\n<p><\/p>\n","protected":false},"excerpt":{"rendered":"","protected":false},"author":3,"featured_media":0,"parent":0,"menu_order":0,"comment_status":"closed","ping_status":"closed","template":"","meta":{"footnotes":""},"class_list":["post-38","page","type-page","status-publish","hentry","entry"],"_links":{"self":[{"href":"https:\/\/yvesoesch.ch\/wordpress\/wp-json\/wp\/v2\/pages\/38","targetHints":{"allow":["GET"]}}],"collection":[{"href":"https:\/\/yvesoesch.ch\/wordpress\/wp-json\/wp\/v2\/pages"}],"about":[{"href":"https:\/\/yvesoesch.ch\/wordpress\/wp-json\/wp\/v2\/types\/page"}],"author":[{"embeddable":true,"href":"https:\/\/yvesoesch.ch\/wordpress\/wp-json\/wp\/v2\/users\/3"}],"replies":[{"embeddable":true,"href":"https:\/\/yvesoesch.ch\/wordpress\/wp-json\/wp\/v2\/comments?post=38"}],"version-history":[{"count":8,"href":"https:\/\/yvesoesch.ch\/wordpress\/wp-json\/wp\/v2\/pages\/38\/revisions"}],"predecessor-version":[{"id":435,"href":"https:\/\/yvesoesch.ch\/wordpress\/wp-json\/wp\/v2\/pages\/38\/revisions\/435"}],"wp:attachment":[{"href":"https:\/\/yvesoesch.ch\/wordpress\/wp-json\/wp\/v2\/media?parent=38"}],"curies":[{"name":"wp","href":"https:\/\/api.w.org\/{rel}","templated":true}]}}