{"id":513,"date":"2022-05-07T21:07:50","date_gmt":"2022-05-07T19:07:50","guid":{"rendered":"https:\/\/yvesoesch.ch\/wordpress\/?page_id=513"},"modified":"2022-05-07T22:11:37","modified_gmt":"2022-05-07T20:11:37","slug":"reparation-tm-d700","status":"publish","type":"page","link":"https:\/\/yvesoesch.ch\/wordpress\/technique\/electronique-rf\/reparation-tm-d700\/","title":{"rendered":"R\u00e9paration du transceiver Kenwood TM-D700"},"content":{"rendered":"\n<div class=\"wp-block-image is-style-rounded\"><figure class=\"alignright size-full is-resized\"><img loading=\"lazy\" decoding=\"async\" src=\"https:\/\/yvesoesch.ch\/wordpress\/wp-content\/uploads\/2022\/05\/TM-D700.jpeg\" alt=\"\" class=\"wp-image-530\" width=\"200\" height=\"256\" srcset=\"https:\/\/yvesoesch.ch\/wordpress\/wp-content\/uploads\/2022\/05\/TM-D700.jpeg 400w, https:\/\/yvesoesch.ch\/wordpress\/wp-content\/uploads\/2022\/05\/TM-D700-234x300.jpeg 234w\" sizes=\"auto, (max-width: 200px) 100vw, 200px\" \/><\/figure><\/div>\n\n\n\n<p>Apr\u00e8s plus de 15 ans de bons et loyaux services, j&rsquo;ai constat\u00e9 que mon transceiver Kenwood TM-D700 ne fonctionnait plus en APRS\/Packet. En fait le TNC int\u00e9gr\u00e9 ne s&rsquo;initialisait pas correctement. L&rsquo;affichage restait sur <em>OPENING TNC<\/em> en permanence.<\/p>\n\n\n\n<p>Une petite recherche sur le web m&rsquo;a renvoy\u00e9 sur ce post en allemand tr\u00e8s int\u00e9ressant :<\/p>\n\n\n\n<p><a href=\"https:\/\/forum.db3om.de\/ftopic15331.html\" target=\"_blank\" rel=\"noreferrer noopener\">https:\/\/forum.db3om.de\/ftopic15331.html<\/a><\/p>\n\n\n\n<p>Traduit en fran\u00e7ais (et retouch\u00e9):<\/p>\n\n\n\n<ol class=\"wp-block-list\"><li>(optionnel) Sauvegarder la configuration de l&rsquo;appareil au moyen d&rsquo;un logiciel tel que MCP-D700 par exemple<\/li><li>D\u00e9brancher l&rsquo;alimentation<\/li><li>Ouvrir l&rsquo;appareil depuis le dessus et depuis le dessous en \u00f4tant les vis des deux capots<\/li><li>Retirer le panneau frontal en \u00e9cartant l\u00e9g\u00e8rement les 6 clips qui le retiennent<\/li><li>D\u00e9brancher le haut-parleur pour \u00e9viter d&rsquo;arracher son fil<\/li><li>D\u00e9brancher le c\u00e2ble plat qui va au TNC. Pour ce faire ouvrir le connecteur du c\u00e2ble plat et \u00e9loignant la partie noir du socle blanc de 1-2mm<\/li><li>Rebrancher l&rsquo;appareil et l&rsquo;enclencher<\/li><li>Appuyer sur le bouton RESET en face avant<\/li><li>\u00c9teindre l&rsquo;appareil et d\u00e9brancher l&rsquo;alimentation<\/li><li>Rebrancher le c\u00e2ble plat du TNC<\/li><li>Rebrancher le fil du haut-parleur<\/li><li>Rebrancher l&rsquo;appareil \u00e0 son alimentation et le remettre en marche. La proc\u00e9dure de Reset se termine<\/li><li>Refermer le bo\u00eetier et reconfigurer l&rsquo;appareil, id\u00e9alement au moyen du logiciel de programmation.<\/li><\/ol>\n\n\n\n<h2 class=\"wp-block-heading\">Pile de sauvegarde<\/h2>\n\n\n\n<p>La pile de backup soud\u00e9e sur le circuit n&rsquo;a pas \u00e9t\u00e9 chang\u00e9e. Son utilit\u00e9 n&rsquo;est pas claire si ce n&rsquo;est le maintien de l&rsquo;horloge RTC pour le TNC. \u00c7a peut rendre service si l&rsquo;appareil est utilis\u00e9 sans connexion avec un PC (APRS pur). Si le probl\u00e8me d&rsquo;initialisation se reproduit dans le futur, il serait int\u00e9ressant de changer  cette batterie, ou \u00e9ventuellement essayer de la supprimer purement et simplement.<\/p>\n\n\n\n<p>Cette pile semble \u00eatre du type Panasonic VL1220 ?, Lithium 3V. Rechargeable ou non ???<\/p>\n\n\n\n<figure class=\"wp-block-gallery has-nested-images columns-default is-cropped wp-block-gallery-1 is-layout-flex wp-block-gallery-is-layout-flex\">\n<figure class=\"wp-block-image size-large\"><img loading=\"lazy\" decoding=\"async\" width=\"1024\" height=\"768\" data-id=\"524\" src=\"https:\/\/yvesoesch.ch\/wordpress\/wp-content\/uploads\/2022\/05\/20220507_152502-1024x768.jpg\" alt=\"\" class=\"wp-image-524\" srcset=\"https:\/\/yvesoesch.ch\/wordpress\/wp-content\/uploads\/2022\/05\/20220507_152502-1024x768.jpg 1024w, https:\/\/yvesoesch.ch\/wordpress\/wp-content\/uploads\/2022\/05\/20220507_152502-300x225.jpg 300w, https:\/\/yvesoesch.ch\/wordpress\/wp-content\/uploads\/2022\/05\/20220507_152502-768x576.jpg 768w, https:\/\/yvesoesch.ch\/wordpress\/wp-content\/uploads\/2022\/05\/20220507_152502.jpg 1440w\" sizes=\"auto, (max-width: 1024px) 100vw, 1024px\" \/><\/figure>\n\n\n\n<figure class=\"wp-block-image size-large\"><img loading=\"lazy\" decoding=\"async\" width=\"768\" height=\"1024\" data-id=\"527\" src=\"https:\/\/yvesoesch.ch\/wordpress\/wp-content\/uploads\/2022\/05\/20220507_152601-768x1024.jpg\" alt=\"\" class=\"wp-image-527\" srcset=\"https:\/\/yvesoesch.ch\/wordpress\/wp-content\/uploads\/2022\/05\/20220507_152601-768x1024.jpg 768w, https:\/\/yvesoesch.ch\/wordpress\/wp-content\/uploads\/2022\/05\/20220507_152601-225x300.jpg 225w, https:\/\/yvesoesch.ch\/wordpress\/wp-content\/uploads\/2022\/05\/20220507_152601-rotated.jpg 1080w\" sizes=\"auto, (max-width: 768px) 100vw, 768px\" \/><\/figure>\n\n\n\n<figure class=\"wp-block-image size-large\"><img loading=\"lazy\" decoding=\"async\" width=\"1024\" height=\"768\" data-id=\"525\" src=\"https:\/\/yvesoesch.ch\/wordpress\/wp-content\/uploads\/2022\/05\/20220507_153030-1024x768.jpg\" alt=\"\" class=\"wp-image-525\" srcset=\"https:\/\/yvesoesch.ch\/wordpress\/wp-content\/uploads\/2022\/05\/20220507_153030-1024x768.jpg 1024w, https:\/\/yvesoesch.ch\/wordpress\/wp-content\/uploads\/2022\/05\/20220507_153030-300x225.jpg 300w, https:\/\/yvesoesch.ch\/wordpress\/wp-content\/uploads\/2022\/05\/20220507_153030-768x576.jpg 768w, https:\/\/yvesoesch.ch\/wordpress\/wp-content\/uploads\/2022\/05\/20220507_153030.jpg 1440w\" sizes=\"auto, (max-width: 1024px) 100vw, 1024px\" \/><\/figure>\n\n\n\n<figure class=\"wp-block-image size-large\"><img loading=\"lazy\" decoding=\"async\" width=\"1024\" height=\"768\" data-id=\"523\" src=\"https:\/\/yvesoesch.ch\/wordpress\/wp-content\/uploads\/2022\/05\/20220507_153124-1024x768.jpg\" alt=\"\" class=\"wp-image-523\" srcset=\"https:\/\/yvesoesch.ch\/wordpress\/wp-content\/uploads\/2022\/05\/20220507_153124-1024x768.jpg 1024w, https:\/\/yvesoesch.ch\/wordpress\/wp-content\/uploads\/2022\/05\/20220507_153124-300x225.jpg 300w, https:\/\/yvesoesch.ch\/wordpress\/wp-content\/uploads\/2022\/05\/20220507_153124-768x576.jpg 768w, https:\/\/yvesoesch.ch\/wordpress\/wp-content\/uploads\/2022\/05\/20220507_153124.jpg 1440w\" sizes=\"auto, (max-width: 1024px) 100vw, 1024px\" \/><\/figure>\n\n\n\n<figure class=\"wp-block-image size-large\"><img loading=\"lazy\" decoding=\"async\" width=\"768\" height=\"1024\" data-id=\"528\" src=\"https:\/\/yvesoesch.ch\/wordpress\/wp-content\/uploads\/2022\/05\/20220507_154252-768x1024.jpg\" alt=\"\" class=\"wp-image-528\" srcset=\"https:\/\/yvesoesch.ch\/wordpress\/wp-content\/uploads\/2022\/05\/20220507_154252-768x1024.jpg 768w, https:\/\/yvesoesch.ch\/wordpress\/wp-content\/uploads\/2022\/05\/20220507_154252-225x300.jpg 225w, https:\/\/yvesoesch.ch\/wordpress\/wp-content\/uploads\/2022\/05\/20220507_154252-rotated.jpg 1080w\" sizes=\"auto, (max-width: 768px) 100vw, 768px\" \/><\/figure>\n\n\n\n<figure class=\"wp-block-image size-large\"><img loading=\"lazy\" decoding=\"async\" width=\"768\" height=\"1024\" data-id=\"526\" src=\"https:\/\/yvesoesch.ch\/wordpress\/wp-content\/uploads\/2022\/05\/20220507_154320-768x1024.jpg\" alt=\"\" class=\"wp-image-526\" srcset=\"https:\/\/yvesoesch.ch\/wordpress\/wp-content\/uploads\/2022\/05\/20220507_154320-768x1024.jpg 768w, https:\/\/yvesoesch.ch\/wordpress\/wp-content\/uploads\/2022\/05\/20220507_154320-225x300.jpg 225w, https:\/\/yvesoesch.ch\/wordpress\/wp-content\/uploads\/2022\/05\/20220507_154320-rotated.jpg 1080w\" sizes=\"auto, (max-width: 768px) 100vw, 768px\" \/><\/figure>\n<figcaption class=\"blocks-gallery-caption\">Quelques \u00e9tapes de la r\u00e9paration<\/figcaption><\/figure>\n\n\n\n<p><\/p>\n","protected":false},"excerpt":{"rendered":"<p>Apr\u00e8s plus de 15 ans de bons et loyaux services, j&rsquo;ai constat\u00e9 que mon transceiver Kenwood TM-D700 ne fonctionnait plus en APRS\/Packet. En fait le TNC int\u00e9gr\u00e9 ne s&rsquo;initialisait pas correctement. L&rsquo;affichage restait sur OPENING TNC en permanence. Une petite recherche sur le web m&rsquo;a renvoy\u00e9 sur ce post en allemand tr\u00e8s int\u00e9ressant : https:\/\/forum.db3om.de\/ftopic15331.html&hellip; <a class=\"more-link\" href=\"https:\/\/yvesoesch.ch\/wordpress\/technique\/electronique-rf\/reparation-tm-d700\/\">Poursuivre la lecture <span class=\"screen-reader-text\">R\u00e9paration du transceiver Kenwood TM-D700<\/span><\/a><\/p>\n","protected":false},"author":3,"featured_media":530,"parent":163,"menu_order":0,"comment_status":"closed","ping_status":"closed","template":"","meta":{"footnotes":""},"class_list":["post-513","page","type-page","status-publish","has-post-thumbnail","hentry","entry"],"_links":{"self":[{"href":"https:\/\/yvesoesch.ch\/wordpress\/wp-json\/wp\/v2\/pages\/513","targetHints":{"allow":["GET"]}}],"collection":[{"href":"https:\/\/yvesoesch.ch\/wordpress\/wp-json\/wp\/v2\/pages"}],"about":[{"href":"https:\/\/yvesoesch.ch\/wordpress\/wp-json\/wp\/v2\/types\/page"}],"author":[{"embeddable":true,"href":"https:\/\/yvesoesch.ch\/wordpress\/wp-json\/wp\/v2\/users\/3"}],"replies":[{"embeddable":true,"href":"https:\/\/yvesoesch.ch\/wordpress\/wp-json\/wp\/v2\/comments?post=513"}],"version-history":[{"count":7,"href":"https:\/\/yvesoesch.ch\/wordpress\/wp-json\/wp\/v2\/pages\/513\/revisions"}],"predecessor-version":[{"id":540,"href":"https:\/\/yvesoesch.ch\/wordpress\/wp-json\/wp\/v2\/pages\/513\/revisions\/540"}],"up":[{"embeddable":true,"href":"https:\/\/yvesoesch.ch\/wordpress\/wp-json\/wp\/v2\/pages\/163"}],"wp:featuredmedia":[{"embeddable":true,"href":"https:\/\/yvesoesch.ch\/wordpress\/wp-json\/wp\/v2\/media\/530"}],"wp:attachment":[{"href":"https:\/\/yvesoesch.ch\/wordpress\/wp-json\/wp\/v2\/media?parent=513"}],"curies":[{"name":"wp","href":"https:\/\/api.w.org\/{rel}","templated":true}]}}