{"id":791,"date":"2026-04-25T22:47:21","date_gmt":"2026-04-25T20:47:21","guid":{"rendered":"https:\/\/yvesoesch.ch\/wordpress\/?page_id=791"},"modified":"2026-04-25T22:58:06","modified_gmt":"2026-04-25T20:58:06","slug":"molette-pour-connecteur-sma-en-impression-3d","status":"publish","type":"page","link":"https:\/\/yvesoesch.ch\/wordpress\/technique\/divers\/molette-pour-connecteur-sma-en-impression-3d\/","title":{"rendered":"Molette pour connecteur SMA en impression 3D"},"content":{"rendered":"\n<p>Les connecteurs SMA sont aujourd\u2019hui omnipr\u00e9sents dans le mat\u00e9riel radio. Pour un serrage parfait, l\u2019id\u00e9al est d\u2019utiliser une <strong>cl\u00e9 dynamom\u00e9trique<\/strong>, qui permet d\u2019appliquer le couple de serrage recommand\u00e9 sans risque de endommager le connecteur.<\/p>\n\n\n\n<h2 class=\"wp-block-heading\"><strong>Serrage manuel et alternatives pratiques<\/strong><\/h2>\n\n\n\n<p>Dans la plupart des cas, un serrage \u00e0 la main suffit. Cependant, leur petite taille peut rendre la manipulation difficile, surtout si les connecteurs sont fr\u00e9quemment viss\u00e9s et d\u00e9viss\u00e9s. Une solution simple et efficace consiste \u00e0 ajouter une <strong>molette de serrage en plastique<\/strong>, imprim\u00e9e en 3D. Cet accessoire am\u00e9liore consid\u00e9rablement la prise en main et facilite les manipulations r\u00e9p\u00e9t\u00e9es.<\/p>\n\n\n\n<h2 class=\"wp-block-heading\"><strong>Un mini projet DIY : la molette de serrage imprim\u00e9e en 3D<\/strong><\/h2>\n\n\n\n<p>Mon fils a con\u00e7u un fichier CAD pour cette molette, que j\u2019ai pu imprimer sur une imprimante 3D. <\/p>\n\n\n\n<div class=\"wp-block-file\"><a id=\"wp-block-file--media-d7837f8a-e131-4fe3-bbfc-a26d020a0dd5\" href=\"https:\/\/yvesoesch.ch\/wordpress\/wp-content\/uploads\/2026\/04\/sma_grip.zip\">sma_grip<\/a><a href=\"https:\/\/yvesoesch.ch\/wordpress\/wp-content\/uploads\/2026\/04\/sma_grip.zip\" class=\"wp-block-file__button wp-element-button\" download aria-describedby=\"wp-block-file--media-d7837f8a-e131-4fe3-bbfc-a26d020a0dd5\">T\u00e9l\u00e9charger<\/a><\/div>\n\n\n\n<p>Vous trouverez \u00e9galement d\u2019autres variantes sur des plates-formes de partage comme <strong><a href=\"https:\/\/www.thingiverse.com\/search?q=SMA+grip&amp;page=1\">Thingiverse<\/a><\/strong> <\/p>\n\n\n\n<figure class=\"wp-block-image size-large\"><img loading=\"lazy\" decoding=\"async\" width=\"1024\" height=\"700\" src=\"https:\/\/yvesoesch.ch\/wordpress\/wp-content\/uploads\/2026\/04\/image-1024x700.png\" alt=\"\" class=\"wp-image-788\" srcset=\"https:\/\/yvesoesch.ch\/wordpress\/wp-content\/uploads\/2026\/04\/image-1024x700.png 1024w, https:\/\/yvesoesch.ch\/wordpress\/wp-content\/uploads\/2026\/04\/image-300x205.png 300w, https:\/\/yvesoesch.ch\/wordpress\/wp-content\/uploads\/2026\/04\/image-768x525.png 768w, https:\/\/yvesoesch.ch\/wordpress\/wp-content\/uploads\/2026\/04\/image.png 1096w\" sizes=\"auto, (max-width: 1024px) 100vw, 1024px\" \/><figcaption class=\"wp-element-caption\">S\u00e9rie de molettes SMA imprim\u00e9es en PLA<\/figcaption><\/figure>\n\n\n\n<h2 class=\"wp-block-heading\"><br><strong>Retours d\u2019exp\u00e9rience et conseils pratiques<\/strong><\/h2>\n\n\n\n<p>J\u2019ai imprim\u00e9 plusieurs exemplaires pour les distribuer au sein de notre club radio. Voici quelques observations utiles :<\/p>\n\n\n\n<ul class=\"wp-block-list\">\n<li><strong>R\u00e9glage du facteur d\u2019\u00e9chelle<\/strong> : J\u2019ai d\u00fb ajuster le zoom \u00e0 <strong>103 %<\/strong> pour le filament PLA noir et <strong>105 %<\/strong> pour le filament blanc, afin d\u2019obtenir un ajustement parfait.<\/li>\n\n\n\n<li><strong>Variabilit\u00e9 des connecteurs SMA<\/strong> : Tous les connecteurs ne sont pas identiques. Par exemple, les ar\u00eates de l\u2019hexagone peuvent \u00eatre plus ou moins arrondies selon les mod\u00e8les. Dans ce cas, deux options s\u2019offrent \u00e0 vous :\n<ul class=\"wp-block-list\">\n<li><strong>Retoucher le fichier STL<\/strong> avant impression.<\/li>\n\n\n\n<li><strong>Corriger manuellement<\/strong> la pi\u00e8ce imprim\u00e9e \u00e0 l\u2019aide d\u2019un cutter ou d\u2019une lime, pour \u00e9viter de relancer une impression.<\/li>\n<\/ul>\n<\/li>\n<\/ul>\n\n\n\n<figure class=\"wp-block-image size-large\"><img loading=\"lazy\" decoding=\"async\" width=\"1024\" height=\"514\" src=\"https:\/\/yvesoesch.ch\/wordpress\/wp-content\/uploads\/2026\/04\/image-1-1024x514.png\" alt=\"\" class=\"wp-image-789\" srcset=\"https:\/\/yvesoesch.ch\/wordpress\/wp-content\/uploads\/2026\/04\/image-1-1024x514.png 1024w, https:\/\/yvesoesch.ch\/wordpress\/wp-content\/uploads\/2026\/04\/image-1-300x150.png 300w, https:\/\/yvesoesch.ch\/wordpress\/wp-content\/uploads\/2026\/04\/image-1-768x385.png 768w, https:\/\/yvesoesch.ch\/wordpress\/wp-content\/uploads\/2026\/04\/image-1.png 1326w\" sizes=\"auto, (max-width: 1024px) 100vw, 1024px\" \/><figcaption class=\"wp-element-caption\">Exemple d&rsquo;utilisation d&rsquo;une molette SMA<\/figcaption><\/figure>\n","protected":false},"excerpt":{"rendered":"<p>Les connecteurs SMA sont aujourd\u2019hui omnipr\u00e9sents dans le mat\u00e9riel radio. Pour un serrage parfait, l\u2019id\u00e9al est d\u2019utiliser une cl\u00e9 dynamom\u00e9trique, qui permet d\u2019appliquer le couple de serrage recommand\u00e9 sans risque de endommager le connecteur. Serrage manuel et alternatives pratiques Dans la plupart des cas, un serrage \u00e0 la main suffit. Cependant, leur petite taille peut&hellip; <a class=\"more-link\" href=\"https:\/\/yvesoesch.ch\/wordpress\/technique\/divers\/molette-pour-connecteur-sma-en-impression-3d\/\">Poursuivre la lecture <span class=\"screen-reader-text\">Molette pour connecteur SMA en impression 3D<\/span><\/a><\/p>\n","protected":false},"author":3,"featured_media":0,"parent":10,"menu_order":0,"comment_status":"closed","ping_status":"closed","template":"","meta":{"footnotes":""},"class_list":["post-791","page","type-page","status-publish","hentry","entry"],"_links":{"self":[{"href":"https:\/\/yvesoesch.ch\/wordpress\/wp-json\/wp\/v2\/pages\/791","targetHints":{"allow":["GET"]}}],"collection":[{"href":"https:\/\/yvesoesch.ch\/wordpress\/wp-json\/wp\/v2\/pages"}],"about":[{"href":"https:\/\/yvesoesch.ch\/wordpress\/wp-json\/wp\/v2\/types\/page"}],"author":[{"embeddable":true,"href":"https:\/\/yvesoesch.ch\/wordpress\/wp-json\/wp\/v2\/users\/3"}],"replies":[{"embeddable":true,"href":"https:\/\/yvesoesch.ch\/wordpress\/wp-json\/wp\/v2\/comments?post=791"}],"version-history":[{"count":5,"href":"https:\/\/yvesoesch.ch\/wordpress\/wp-json\/wp\/v2\/pages\/791\/revisions"}],"predecessor-version":[{"id":802,"href":"https:\/\/yvesoesch.ch\/wordpress\/wp-json\/wp\/v2\/pages\/791\/revisions\/802"}],"up":[{"embeddable":true,"href":"https:\/\/yvesoesch.ch\/wordpress\/wp-json\/wp\/v2\/pages\/10"}],"wp:attachment":[{"href":"https:\/\/yvesoesch.ch\/wordpress\/wp-json\/wp\/v2\/media?parent=791"}],"curies":[{"name":"wp","href":"https:\/\/api.w.org\/{rel}","templated":true}]}}